{"id":8869,"date":"2021-02-02T15:48:40","date_gmt":"2021-02-02T14:48:40","guid":{"rendered":"https:\/\/campus.vaucluse.cci.fr\/?page_id=8869"},"modified":"2025-10-08T16:40:03","modified_gmt":"2025-10-08T14:40:03","slug":"creationdentreprise","status":"publish","type":"page","link":"https:\/\/campus.vaucluse.cci.fr\/?page_id=8869","title":{"rendered":"cr\u00e9ation d&rsquo;entreprise"},"content":{"rendered":"\t\t<div data-elementor-type=\"wp-page\" data-elementor-id=\"8869\" class=\"elementor elementor-8869\" data-elementor-post-type=\"page\">\n\t\t\t\t\t\t<section class=\"elementor-section elementor-top-section elementor-element elementor-element-6183996 elementor-section-boxed elementor-section-height-default elementor-section-height-default\" data-id=\"6183996\" data-element_type=\"section\" data-e-type=\"section\">\n\t\t\t\t\t\t<div class=\"elementor-container elementor-column-gap-default\">\n\t\t\t\t\t<div class=\"elementor-column elementor-col-100 elementor-top-column elementor-element elementor-element-e3798b9\" data-id=\"e3798b9\" data-element_type=\"column\" data-e-type=\"column\">\n\t\t\t<div class=\"elementor-widget-wrap elementor-element-populated\">\n\t\t\t\t\t\t<div class=\"elementor-element elementor-element-a743324 elementor-widget elementor-widget-spacer\" data-id=\"a743324\" data-element_type=\"widget\" data-e-type=\"widget\" data-widget_type=\"spacer.default\">\n\t\t\t\t<div class=\"elementor-widget-container\">\n\t\t\t\t\t\t\t<div class=\"elementor-spacer\">\n\t\t\t<div class=\"elementor-spacer-inner\"><\/div>\n\t\t<\/div>\n\t\t\t\t\t\t<\/div>\n\t\t\t\t<\/div>\n\t\t\t\t\t<\/div>\n\t\t<\/div>\n\t\t\t\t\t<\/div>\n\t\t<\/section>\n\t\t\t\t<section class=\"elementor-section elementor-top-section elementor-element elementor-element-7de95f7 elementor-section-height-min-height elementor-section-content-middle elementor-section-boxed elementor-section-height-default elementor-section-items-middle\" data-id=\"7de95f7\" data-element_type=\"section\" data-e-type=\"section\" data-settings=\"{&quot;background_background&quot;:&quot;classic&quot;}\">\n\t\t\t\t\t\t<div class=\"elementor-container elementor-column-gap-default\">\n\t\t\t\t\t<div class=\"elementor-column elementor-col-100 elementor-top-column elementor-element elementor-element-6313fec\" data-id=\"6313fec\" data-element_type=\"column\" data-e-type=\"column\">\n\t\t\t<div class=\"elementor-widget-wrap elementor-element-populated\">\n\t\t\t\t\t\t<div class=\"elementor-element elementor-element-120f641 elementor-widget elementor-widget-image\" data-id=\"120f641\" data-element_type=\"widget\" data-e-type=\"widget\" data-widget_type=\"image.default\">\n\t\t\t\t<div class=\"elementor-widget-container\">\n\t\t\t\t\t\t\t\t\t\t\t\t\t\t\t\t<a href=\"https:\/\/formationcontinue84.com\/fc-2\">\n\t\t\t\t\t\t\t<img fetchpriority=\"high\" decoding=\"async\" width=\"800\" height=\"370\" src=\"https:\/\/campus.vaucluse.cci.fr\/wp-content\/uploads\/logo-academie-PRO-1-1024x474.png\" class=\"attachment-large size-large wp-image-28511\" alt=\"\" srcset=\"https:\/\/campus.vaucluse.cci.fr\/wp-content\/uploads\/logo-academie-PRO-1-1024x474.png 1024w, https:\/\/campus.vaucluse.cci.fr\/wp-content\/uploads\/logo-academie-PRO-1-300x139.png 300w, https:\/\/campus.vaucluse.cci.fr\/wp-content\/uploads\/logo-academie-PRO-1-768x356.png 768w, https:\/\/campus.vaucluse.cci.fr\/wp-content\/uploads\/logo-academie-PRO-1.png 1080w\" sizes=\"(max-width: 800px) 100vw, 800px\" \/>\t\t\t\t\t\t\t\t<\/a>\n\t\t\t\t\t\t\t\t\t\t\t\t\t\t\t<\/div>\n\t\t\t\t<\/div>\n\t\t\t\t<div class=\"elementor-element elementor-element-1b7bc8d elementor-nav-menu__align-center elementor-nav-menu--dropdown-tablet elementor-nav-menu__text-align-aside elementor-nav-menu--toggle elementor-nav-menu--burger elementor-widget elementor-widget-nav-menu\" data-id=\"1b7bc8d\" data-element_type=\"widget\" data-e-type=\"widget\" data-settings=\"{&quot;layout&quot;:&quot;horizontal&quot;,&quot;submenu_icon&quot;:{&quot;value&quot;:&quot;&lt;i class=\\&quot;fas fa-caret-down\\&quot; aria-hidden=\\&quot;true\\&quot;&gt;&lt;\\\/i&gt;&quot;,&quot;library&quot;:&quot;fa-solid&quot;},&quot;toggle&quot;:&quot;burger&quot;}\" data-widget_type=\"nav-menu.default\">\n\t\t\t\t<div class=\"elementor-widget-container\">\n\t\t\t\t\t\t\t\t<nav aria-label=\"Menu\" class=\"elementor-nav-menu--main elementor-nav-menu__container elementor-nav-menu--layout-horizontal e--pointer-background e--animation-shrink\">\n\t\t\t\t<ul id=\"menu-1-1b7bc8d\" class=\"elementor-nav-menu\"><li class=\"menu-item menu-item-type-custom menu-item-object-custom menu-item-has-children menu-item-8329\"><a href=\"#formation\" class=\"elementor-item elementor-item-anchor\">Nos formations<\/a>\n<ul class=\"sub-menu elementor-nav-menu--dropdown\">\n\t<li class=\"menu-item menu-item-type-post_type menu-item-object-page menu-item-8910\"><a href=\"https:\/\/campus.vaucluse.cci.fr\/?page_id=8518\" class=\"elementor-sub-item\">immobilier<\/a><\/li>\n\t<li class=\"menu-item menu-item-type-post_type menu-item-object-page menu-item-12659\"><a href=\"https:\/\/campus.vaucluse.cci.fr\/?page_id=12640\" class=\"elementor-sub-item\">HYGI\u00c8NE S\u00c9CURIT\u00c9 ENVIRONNEMENT<\/a><\/li>\n\t<li class=\"menu-item menu-item-type-post_type menu-item-object-page menu-item-8908\"><a href=\"https:\/\/campus.vaucluse.cci.fr\/?page_id=8868\" class=\"elementor-sub-item\">H\u00d4TELLERIE RESTAURATION TOURISME<\/a><\/li>\n\t<li class=\"menu-item menu-item-type-post_type menu-item-object-page menu-item-12665\"><a href=\"https:\/\/campus.vaucluse.cci.fr\/?page_id=12605\" class=\"elementor-sub-item\">MANAGEMENT<\/a><\/li>\n\t<li class=\"menu-item menu-item-type-post_type menu-item-object-page menu-item-12664\"><a href=\"https:\/\/campus.vaucluse.cci.fr\/?page_id=12610\" class=\"elementor-sub-item\">RH JURIDIQUE<\/a><\/li>\n\t<li class=\"menu-item menu-item-type-post_type menu-item-object-page menu-item-12668\"><a href=\"https:\/\/campus.vaucluse.cci.fr\/?page_id=12589\" class=\"elementor-sub-item\">COMMERCIAL VENTE<\/a><\/li>\n\t<li class=\"menu-item menu-item-type-post_type menu-item-object-page menu-item-12671\"><a href=\"https:\/\/campus.vaucluse.cci.fr\/?page_id=12572\" class=\"elementor-sub-item\">Bureautique<\/a><\/li>\n\t<li class=\"menu-item menu-item-type-post_type menu-item-object-page menu-item-12670\"><a href=\"https:\/\/campus.vaucluse.cci.fr\/?page_id=12574\" class=\"elementor-sub-item\">Web et r\u00e9seaux sociaux<\/a><\/li>\n\t<li class=\"menu-item menu-item-type-post_type menu-item-object-page menu-item-12662\"><a href=\"https:\/\/campus.vaucluse.cci.fr\/?page_id=12621\" class=\"elementor-sub-item\">EFFICACIT\u00c9 PROFESSIONNELLE<\/a><\/li>\n\t<li class=\"menu-item menu-item-type-post_type menu-item-object-page menu-item-12669\"><a href=\"https:\/\/campus.vaucluse.cci.fr\/?page_id=12583\" class=\"elementor-sub-item\">Communication<\/a><\/li>\n\t<li class=\"menu-item menu-item-type-post_type menu-item-object-page menu-item-12667\"><a href=\"https:\/\/campus.vaucluse.cci.fr\/?page_id=12594\" class=\"elementor-sub-item\">COMPTABILIT\u00c9 GESTION FINANCE<\/a><\/li>\n\t<li class=\"menu-item menu-item-type-post_type menu-item-object-page menu-item-8907\"><a href=\"https:\/\/campus.vaucluse.cci.fr\/?page_id=8869\" class=\"elementor-sub-item\">cr\u00e9ation d\u2019entreprise<\/a><\/li>\n\t<li class=\"menu-item menu-item-type-post_type menu-item-object-page menu-item-12666\"><a href=\"https:\/\/campus.vaucluse.cci.fr\/?page_id=12600\" class=\"elementor-sub-item\">LANGUES<\/a><\/li>\n<\/ul>\n<\/li>\n<li class=\"menu-item menu-item-type-post_type menu-item-object-page menu-item-19979\"><a href=\"https:\/\/campus.vaucluse.cci.fr\/?page_id=19971\" class=\"elementor-item\">\u00e9ligibles CPF<\/a><\/li>\n<li class=\"menu-item menu-item-type-post_type menu-item-object-page menu-item-9107\"><a href=\"https:\/\/campus.vaucluse.cci.fr\/?page_id=8994\" class=\"elementor-item\">Calendrier<\/a><\/li>\n<li class=\"menu-item menu-item-type-custom menu-item-object-custom menu-item-has-children menu-item-11461\"><a href=\"#\" class=\"elementor-item elementor-item-anchor\">Infos pratiques<\/a>\n<ul class=\"sub-menu elementor-nav-menu--dropdown\">\n\t<li class=\"menu-item menu-item-type-post_type menu-item-object-page menu-item-11504\"><a href=\"https:\/\/campus.vaucluse.cci.fr\/?page_id=11492\" class=\"elementor-sub-item\">Contact et acc\u00e8s<\/a><\/li>\n\t<li class=\"menu-item menu-item-type-post_type menu-item-object-page menu-item-11429\"><a href=\"https:\/\/campus.vaucluse.cci.fr\/?page_id=11421\" class=\"elementor-sub-item\">Qui sommes-nous ?<\/a><\/li>\n\t<li class=\"menu-item menu-item-type-post_type menu-item-object-page menu-item-11428\"><a href=\"https:\/\/campus.vaucluse.cci.fr\/?page_id=11423\" class=\"elementor-sub-item\">Indicateurs<\/a><\/li>\n\t<li class=\"menu-item menu-item-type-post_type menu-item-object-page menu-item-11460\"><a href=\"https:\/\/campus.vaucluse.cci.fr\/?page_id=11458\" class=\"elementor-sub-item\">Handicap<\/a><\/li>\n<\/ul>\n<\/li>\n<\/ul>\t\t\t<\/nav>\n\t\t\t\t\t<div class=\"elementor-menu-toggle\" role=\"button\" tabindex=\"0\" aria-label=\"Permuter le menu\" aria-expanded=\"false\">\n\t\t\t<i aria-hidden=\"true\" role=\"presentation\" class=\"elementor-menu-toggle__icon--open eicon-menu-bar\"><\/i><i aria-hidden=\"true\" role=\"presentation\" class=\"elementor-menu-toggle__icon--close eicon-close\"><\/i>\t\t<\/div>\n\t\t\t\t\t<nav class=\"elementor-nav-menu--dropdown elementor-nav-menu__container\" aria-hidden=\"true\">\n\t\t\t\t<ul id=\"menu-2-1b7bc8d\" class=\"elementor-nav-menu\"><li class=\"menu-item menu-item-type-custom menu-item-object-custom menu-item-has-children menu-item-8329\"><a href=\"#formation\" class=\"elementor-item elementor-item-anchor\" tabindex=\"-1\">Nos formations<\/a>\n<ul class=\"sub-menu elementor-nav-menu--dropdown\">\n\t<li class=\"menu-item menu-item-type-post_type menu-item-object-page menu-item-8910\"><a href=\"https:\/\/campus.vaucluse.cci.fr\/?page_id=8518\" class=\"elementor-sub-item\" tabindex=\"-1\">immobilier<\/a><\/li>\n\t<li class=\"menu-item menu-item-type-post_type menu-item-object-page menu-item-12659\"><a href=\"https:\/\/campus.vaucluse.cci.fr\/?page_id=12640\" class=\"elementor-sub-item\" tabindex=\"-1\">HYGI\u00c8NE S\u00c9CURIT\u00c9 ENVIRONNEMENT<\/a><\/li>\n\t<li class=\"menu-item menu-item-type-post_type menu-item-object-page menu-item-8908\"><a href=\"https:\/\/campus.vaucluse.cci.fr\/?page_id=8868\" class=\"elementor-sub-item\" tabindex=\"-1\">H\u00d4TELLERIE RESTAURATION TOURISME<\/a><\/li>\n\t<li class=\"menu-item menu-item-type-post_type menu-item-object-page menu-item-12665\"><a href=\"https:\/\/campus.vaucluse.cci.fr\/?page_id=12605\" class=\"elementor-sub-item\" tabindex=\"-1\">MANAGEMENT<\/a><\/li>\n\t<li class=\"menu-item menu-item-type-post_type menu-item-object-page menu-item-12664\"><a href=\"https:\/\/campus.vaucluse.cci.fr\/?page_id=12610\" class=\"elementor-sub-item\" tabindex=\"-1\">RH JURIDIQUE<\/a><\/li>\n\t<li class=\"menu-item menu-item-type-post_type menu-item-object-page menu-item-12668\"><a href=\"https:\/\/campus.vaucluse.cci.fr\/?page_id=12589\" class=\"elementor-sub-item\" tabindex=\"-1\">COMMERCIAL VENTE<\/a><\/li>\n\t<li class=\"menu-item menu-item-type-post_type menu-item-object-page menu-item-12671\"><a href=\"https:\/\/campus.vaucluse.cci.fr\/?page_id=12572\" class=\"elementor-sub-item\" tabindex=\"-1\">Bureautique<\/a><\/li>\n\t<li class=\"menu-item menu-item-type-post_type menu-item-object-page menu-item-12670\"><a href=\"https:\/\/campus.vaucluse.cci.fr\/?page_id=12574\" class=\"elementor-sub-item\" tabindex=\"-1\">Web et r\u00e9seaux sociaux<\/a><\/li>\n\t<li class=\"menu-item menu-item-type-post_type menu-item-object-page menu-item-12662\"><a href=\"https:\/\/campus.vaucluse.cci.fr\/?page_id=12621\" class=\"elementor-sub-item\" tabindex=\"-1\">EFFICACIT\u00c9 PROFESSIONNELLE<\/a><\/li>\n\t<li class=\"menu-item menu-item-type-post_type menu-item-object-page menu-item-12669\"><a href=\"https:\/\/campus.vaucluse.cci.fr\/?page_id=12583\" class=\"elementor-sub-item\" tabindex=\"-1\">Communication<\/a><\/li>\n\t<li class=\"menu-item menu-item-type-post_type menu-item-object-page menu-item-12667\"><a href=\"https:\/\/campus.vaucluse.cci.fr\/?page_id=12594\" class=\"elementor-sub-item\" tabindex=\"-1\">COMPTABILIT\u00c9 GESTION FINANCE<\/a><\/li>\n\t<li class=\"menu-item menu-item-type-post_type menu-item-object-page menu-item-8907\"><a href=\"https:\/\/campus.vaucluse.cci.fr\/?page_id=8869\" class=\"elementor-sub-item\" tabindex=\"-1\">cr\u00e9ation d\u2019entreprise<\/a><\/li>\n\t<li class=\"menu-item menu-item-type-post_type menu-item-object-page menu-item-12666\"><a href=\"https:\/\/campus.vaucluse.cci.fr\/?page_id=12600\" class=\"elementor-sub-item\" tabindex=\"-1\">LANGUES<\/a><\/li>\n<\/ul>\n<\/li>\n<li class=\"menu-item menu-item-type-post_type menu-item-object-page menu-item-19979\"><a href=\"https:\/\/campus.vaucluse.cci.fr\/?page_id=19971\" class=\"elementor-item\" tabindex=\"-1\">\u00e9ligibles CPF<\/a><\/li>\n<li class=\"menu-item menu-item-type-post_type menu-item-object-page menu-item-9107\"><a href=\"https:\/\/campus.vaucluse.cci.fr\/?page_id=8994\" class=\"elementor-item\" tabindex=\"-1\">Calendrier<\/a><\/li>\n<li class=\"menu-item menu-item-type-custom menu-item-object-custom menu-item-has-children menu-item-11461\"><a href=\"#\" class=\"elementor-item elementor-item-anchor\" tabindex=\"-1\">Infos pratiques<\/a>\n<ul class=\"sub-menu elementor-nav-menu--dropdown\">\n\t<li class=\"menu-item menu-item-type-post_type menu-item-object-page menu-item-11504\"><a href=\"https:\/\/campus.vaucluse.cci.fr\/?page_id=11492\" class=\"elementor-sub-item\" tabindex=\"-1\">Contact et acc\u00e8s<\/a><\/li>\n\t<li class=\"menu-item menu-item-type-post_type menu-item-object-page menu-item-11429\"><a href=\"https:\/\/campus.vaucluse.cci.fr\/?page_id=11421\" class=\"elementor-sub-item\" tabindex=\"-1\">Qui sommes-nous ?<\/a><\/li>\n\t<li class=\"menu-item menu-item-type-post_type menu-item-object-page menu-item-11428\"><a href=\"https:\/\/campus.vaucluse.cci.fr\/?page_id=11423\" class=\"elementor-sub-item\" tabindex=\"-1\">Indicateurs<\/a><\/li>\n\t<li class=\"menu-item menu-item-type-post_type menu-item-object-page menu-item-11460\"><a href=\"https:\/\/campus.vaucluse.cci.fr\/?page_id=11458\" class=\"elementor-sub-item\" tabindex=\"-1\">Handicap<\/a><\/li>\n<\/ul>\n<\/li>\n<\/ul>\t\t\t<\/nav>\n\t\t\t\t\t\t<\/div>\n\t\t\t\t<\/div>\n\t\t\t\t<div class=\"elementor-element elementor-element-a8ab6d4 elementor-search-form--skin-full_screen elementor-hidden-desktop elementor-hidden-tablet elementor-hidden-mobile elementor-widget elementor-widget-search-form\" data-id=\"a8ab6d4\" data-element_type=\"widget\" data-e-type=\"widget\" data-settings=\"{&quot;skin&quot;:&quot;full_screen&quot;}\" data-widget_type=\"search-form.default\">\n\t\t\t\t<div class=\"elementor-widget-container\">\n\t\t\t\t\t\t\t<search role=\"search\">\n\t\t\t<form class=\"elementor-search-form\" action=\"https:\/\/campus.vaucluse.cci.fr\" method=\"get\">\n\t\t\t\t\t\t\t\t\t\t\t\t<div class=\"elementor-search-form__toggle\" role=\"button\" tabindex=\"0\" aria-label=\"Rechercher \">\n\t\t\t\t\t<i aria-hidden=\"true\" class=\"fas fa-search\"><\/i>\t\t\t\t<\/div>\n\t\t\t\t\t\t\t\t<div class=\"elementor-search-form__container\">\n\t\t\t\t\t<label class=\"elementor-screen-only\" for=\"elementor-search-form-a8ab6d4\">Rechercher <\/label>\n\n\t\t\t\t\t\n\t\t\t\t\t<input id=\"elementor-search-form-a8ab6d4\" placeholder=\"Rechercher...\" class=\"elementor-search-form__input\" type=\"search\" name=\"s\" value=\"\">\n\t\t\t\t\t\n\t\t\t\t\t\n\t\t\t\t\t\t\t\t\t\t<div class=\"dialog-lightbox-close-button dialog-close-button\" role=\"button\" tabindex=\"0\" aria-label=\"Fermer ce champ de recherche.\">\n\t\t\t\t\t\t<i aria-hidden=\"true\" class=\"eicon-close\"><\/i>\t\t\t\t\t<\/div>\n\t\t\t\t\t\t\t\t\t<\/div>\n\t\t\t<\/form>\n\t\t<\/search>\n\t\t\t\t\t\t<\/div>\n\t\t\t\t<\/div>\n\t\t\t\t\t<\/div>\n\t\t<\/div>\n\t\t\t\t\t<\/div>\n\t\t<\/section>\n\t\t\t\t<section class=\"elementor-section elementor-top-section elementor-element elementor-element-df4e763 elementor-section-boxed elementor-section-height-default elementor-section-height-default\" data-id=\"df4e763\" data-element_type=\"section\" data-e-type=\"section\">\n\t\t\t\t\t\t<div class=\"elementor-container elementor-column-gap-default\">\n\t\t\t\t\t<div class=\"elementor-column elementor-col-100 elementor-top-column elementor-element elementor-element-cf51848\" data-id=\"cf51848\" data-element_type=\"column\" data-e-type=\"column\">\n\t\t\t<div class=\"elementor-widget-wrap elementor-element-populated\">\n\t\t\t\t\t\t<div class=\"elementor-element elementor-element-99974b1 elementor-widget elementor-widget-spacer\" data-id=\"99974b1\" data-element_type=\"widget\" data-e-type=\"widget\" data-widget_type=\"spacer.default\">\n\t\t\t\t<div class=\"elementor-widget-container\">\n\t\t\t\t\t\t\t<div class=\"elementor-spacer\">\n\t\t\t<div class=\"elementor-spacer-inner\"><\/div>\n\t\t<\/div>\n\t\t\t\t\t\t<\/div>\n\t\t\t\t<\/div>\n\t\t\t\t\t<\/div>\n\t\t<\/div>\n\t\t\t\t\t<\/div>\n\t\t<\/section>\n\t\t\t\t<section class=\"elementor-section elementor-top-section elementor-element elementor-element-01df4e3 elementor-section-height-min-height elementor-section-boxed elementor-section-height-default elementor-section-items-middle\" data-id=\"01df4e3\" data-element_type=\"section\" data-e-type=\"section\" data-settings=\"{&quot;background_background&quot;:&quot;classic&quot;}\">\n\t\t\t\t\t\t<div class=\"elementor-container elementor-column-gap-no\">\n\t\t\t\t\t<div class=\"elementor-column elementor-col-100 elementor-top-column elementor-element elementor-element-0f657ea\" data-id=\"0f657ea\" data-element_type=\"column\" data-e-type=\"column\">\n\t\t\t<div class=\"elementor-widget-wrap elementor-element-populated\">\n\t\t\t\t\t\t<div class=\"elementor-element elementor-element-df0ec57 elementor-widget elementor-widget-heading\" data-id=\"df0ec57\" data-element_type=\"widget\" data-e-type=\"widget\" data-widget_type=\"heading.default\">\n\t\t\t\t<div class=\"elementor-widget-container\">\n\t\t\t\t\t<h2 class=\"elementor-heading-title elementor-size-default\">cr\u00e9ation d'entreprise<\/h2>\t\t\t\t<\/div>\n\t\t\t\t<\/div>\n\t\t\t\t\t<\/div>\n\t\t<\/div>\n\t\t\t\t\t<\/div>\n\t\t<\/section>\n\t\t\t\t<section class=\"elementor-section elementor-top-section elementor-element elementor-element-272b0b7 elementor-section-boxed elementor-section-height-default elementor-section-height-default\" data-id=\"272b0b7\" data-element_type=\"section\" data-e-type=\"section\">\n\t\t\t\t\t\t<div class=\"elementor-container elementor-column-gap-default\">\n\t\t\t\t\t<div class=\"elementor-column elementor-col-100 elementor-top-column elementor-element elementor-element-a9a3fb9\" data-id=\"a9a3fb9\" data-element_type=\"column\" data-e-type=\"column\">\n\t\t\t<div class=\"elementor-widget-wrap elementor-element-populated\">\n\t\t\t\t\t\t<div class=\"elementor-element elementor-element-2a94cd4 elementor-widget elementor-widget-spacer\" data-id=\"2a94cd4\" data-element_type=\"widget\" data-e-type=\"widget\" data-widget_type=\"spacer.default\">\n\t\t\t\t<div class=\"elementor-widget-container\">\n\t\t\t\t\t\t\t<div class=\"elementor-spacer\">\n\t\t\t<div class=\"elementor-spacer-inner\"><\/div>\n\t\t<\/div>\n\t\t\t\t\t\t<\/div>\n\t\t\t\t<\/div>\n\t\t\t\t\t<\/div>\n\t\t<\/div>\n\t\t\t\t\t<\/div>\n\t\t<\/section>\n\t\t\t\t<section class=\"elementor-section elementor-top-section elementor-element elementor-element-31c4b5f elementor-section-boxed elementor-section-height-default elementor-section-height-default\" data-id=\"31c4b5f\" data-element_type=\"section\" data-e-type=\"section\">\n\t\t\t\t\t\t<div class=\"elementor-container elementor-column-gap-default\">\n\t\t\t\t\t<div class=\"elementor-column elementor-col-100 elementor-top-column elementor-element elementor-element-6747f16\" data-id=\"6747f16\" data-element_type=\"column\" data-e-type=\"column\">\n\t\t\t<div class=\"elementor-widget-wrap elementor-element-populated\">\n\t\t\t\t\t\t<div class=\"elementor-element elementor-element-7b8d2f2 elementor-grid-4 elementor-grid-tablet-2 elementor-grid-mobile-1 elementor-widget elementor-widget-loop-grid\" data-id=\"7b8d2f2\" data-element_type=\"widget\" data-e-type=\"widget\" data-settings=\"{&quot;template_id&quot;:25083,&quot;columns&quot;:4,&quot;_skin&quot;:&quot;post&quot;,&quot;columns_tablet&quot;:&quot;2&quot;,&quot;columns_mobile&quot;:&quot;1&quot;,&quot;edit_handle_selector&quot;:&quot;[data-elementor-type=\\&quot;loop-item\\&quot;]&quot;,&quot;row_gap&quot;:{&quot;unit&quot;:&quot;px&quot;,&quot;size&quot;:&quot;&quot;,&quot;sizes&quot;:[]},&quot;row_gap_tablet&quot;:{&quot;unit&quot;:&quot;px&quot;,&quot;size&quot;:&quot;&quot;,&quot;sizes&quot;:[]},&quot;row_gap_mobile&quot;:{&quot;unit&quot;:&quot;px&quot;,&quot;size&quot;:&quot;&quot;,&quot;sizes&quot;:[]}}\" data-widget_type=\"loop-grid.post\">\n\t\t\t\t<div class=\"elementor-widget-container\">\n\t\t\t\t\t\t\t<div class=\"e-loop-nothing-found-message\">\n\t\t<\/div>\n\t\t\t\t\t\t<\/div>\n\t\t\t\t<\/div>\n\t\t\t\t\t<\/div>\n\t\t<\/div>\n\t\t\t\t\t<\/div>\n\t\t<\/section>\n\t\t\t\t<section class=\"elementor-section elementor-top-section elementor-element elementor-element-46a877a6 elementor-section-boxed elementor-section-height-default elementor-section-height-default\" data-id=\"46a877a6\" data-element_type=\"section\" data-e-type=\"section\">\n\t\t\t\t\t\t<div class=\"elementor-container elementor-column-gap-default\">\n\t\t\t\t\t<div class=\"elementor-column elementor-col-100 elementor-top-column elementor-element elementor-element-3edc360c\" data-id=\"3edc360c\" data-element_type=\"column\" data-e-type=\"column\">\n\t\t\t<div class=\"elementor-widget-wrap elementor-element-populated\">\n\t\t\t\t\t\t<div class=\"elementor-element elementor-element-52d66da elementor-widget elementor-widget-spacer\" data-id=\"52d66da\" data-element_type=\"widget\" data-e-type=\"widget\" data-widget_type=\"spacer.default\">\n\t\t\t\t<div class=\"elementor-widget-container\">\n\t\t\t\t\t\t\t<div class=\"elementor-spacer\">\n\t\t\t<div class=\"elementor-spacer-inner\"><\/div>\n\t\t<\/div>\n\t\t\t\t\t\t<\/div>\n\t\t\t\t<\/div>\n\t\t\t\t<div class=\"elementor-element elementor-element-58eda8ac elementor-view-default elementor-widget elementor-widget-icon\" data-id=\"58eda8ac\" data-element_type=\"widget\" data-e-type=\"widget\" data-widget_type=\"icon.default\">\n\t\t\t\t<div class=\"elementor-widget-container\">\n\t\t\t\t\t\t\t<div class=\"elementor-icon-wrapper\">\n\t\t\t<div class=\"elementor-icon\">\n\t\t\t\t\t\t<\/div>\n\t\t<\/div>\n\t\t\t\t\t\t<\/div>\n\t\t\t\t<\/div>\n\t\t\t\t\t<\/div>\n\t\t<\/div>\n\t\t\t\t\t<\/div>\n\t\t<\/section>\n\t\t\t\t<section class=\"elementor-section elementor-top-section elementor-element elementor-element-6bf0ca03 elementor-section-boxed elementor-section-height-default elementor-section-height-default\" data-id=\"6bf0ca03\" data-element_type=\"section\" data-e-type=\"section\">\n\t\t\t\t\t\t<div class=\"elementor-container elementor-column-gap-default\">\n\t\t\t\t\t<div class=\"elementor-column elementor-col-100 elementor-top-column elementor-element elementor-element-3e86fa9e\" data-id=\"3e86fa9e\" data-element_type=\"column\" data-e-type=\"column\">\n\t\t\t<div class=\"elementor-widget-wrap elementor-element-populated\">\n\t\t\t\t\t\t<div class=\"elementor-element elementor-element-578f0865 elementor-widget elementor-widget-text-editor\" data-id=\"578f0865\" data-element_type=\"widget\" data-e-type=\"widget\" data-widget_type=\"text-editor.default\">\n\t\t\t\t<div class=\"elementor-widget-container\">\n\t\t\t\t\t\t\t\t\t<p>FORMATION CONTINUE \u22c5 Campus CCI \u22c5 275 Chemin de la Cristole 84000 AVIGNON \u22c5 <strong>04 90 23 77 01<\/strong> \u22c5 Mentions l\u00e9gales \u22c5 CGV\u22c5 RGPD<\/p>\t\t\t\t\t\t\t\t<\/div>\n\t\t\t\t<\/div>\n\t\t\t\t\t<\/div>\n\t\t<\/div>\n\t\t\t\t\t<\/div>\n\t\t<\/section>\n\t\t\t\t<\/div>\n\t\t","protected":false},"excerpt":{"rendered":"<p>cr\u00e9ation d&rsquo;entreprise FORMATION CONTINUE \u22c5 Campus CCI \u22c5 275 Chemin de la Cristole 84000 AVIGNON \u22c5 04 90 23 77 01 \u22c5 Mentions l\u00e9gales \u22c5 CGV\u22c5 RGPD<\/p>\n","protected":false},"author":2,"featured_media":29152,"parent":8357,"menu_order":0,"comment_status":"closed","ping_status":"closed","template":"elementor_canvas","meta":{"_acf_changed":false,"_seopress_robots_primary_cat":"","_seopress_titles_title":"","_seopress_titles_desc":"","_seopress_robots_index":"","footnotes":""},"class_list":["post-8869","page","type-page","status-publish","has-post-thumbnail","hentry"],"acf":[],"_links":{"self":[{"href":"https:\/\/campus.vaucluse.cci.fr\/index.php?rest_route=\/wp\/v2\/pages\/8869","targetHints":{"allow":["GET"]}}],"collection":[{"href":"https:\/\/campus.vaucluse.cci.fr\/index.php?rest_route=\/wp\/v2\/pages"}],"about":[{"href":"https:\/\/campus.vaucluse.cci.fr\/index.php?rest_route=\/wp\/v2\/types\/page"}],"author":[{"embeddable":true,"href":"https:\/\/campus.vaucluse.cci.fr\/index.php?rest_route=\/wp\/v2\/users\/2"}],"replies":[{"embeddable":true,"href":"https:\/\/campus.vaucluse.cci.fr\/index.php?rest_route=%2Fwp%2Fv2%2Fcomments&post=8869"}],"version-history":[{"count":34,"href":"https:\/\/campus.vaucluse.cci.fr\/index.php?rest_route=\/wp\/v2\/pages\/8869\/revisions"}],"predecessor-version":[{"id":29229,"href":"https:\/\/campus.vaucluse.cci.fr\/index.php?rest_route=\/wp\/v2\/pages\/8869\/revisions\/29229"}],"up":[{"embeddable":true,"href":"https:\/\/campus.vaucluse.cci.fr\/index.php?rest_route=\/wp\/v2\/pages\/8357"}],"wp:featuredmedia":[{"embeddable":true,"href":"https:\/\/campus.vaucluse.cci.fr\/index.php?rest_route=\/wp\/v2\/media\/29152"}],"wp:attachment":[{"href":"https:\/\/campus.vaucluse.cci.fr\/index.php?rest_route=%2Fwp%2Fv2%2Fmedia&parent=8869"}],"curies":[{"name":"wp","href":"https:\/\/api.w.org\/{rel}","templated":true}]}}